{"id":123,"date":"2021-03-18T11:23:00","date_gmt":"2021-03-18T11:23:00","guid":{"rendered":"https:\/\/foodservice-company.de\/?page_id=123"},"modified":"2025-06-10T08:30:19","modified_gmt":"2025-06-10T08:30:19","slug":"speisequark","status":"publish","type":"page","link":"https:\/\/foodservice-company.de\/?page_id=123","title":{"rendered":"Speisequark"},"content":{"rendered":"\n<figure class=\"wp-block-image size-large\"><img loading=\"lazy\" decoding=\"async\" width=\"600\" height=\"397\" src=\"https:\/\/foodservice-company.de\/wp-content\/uploads\/2021\/05\/Speisequark-blau-5kg-trans.jpg\" alt=\"\" class=\"wp-image-300\" srcset=\"https:\/\/foodservice-company.de\/wp-content\/uploads\/2021\/05\/Speisequark-blau-5kg-trans.jpg 600w, https:\/\/foodservice-company.de\/wp-content\/uploads\/2021\/05\/Speisequark-blau-5kg-trans-300x199.jpg 300w\" sizes=\"auto, (max-width: 600px) 100vw, 600px\" \/><\/figure>\n\n\n\n<p><strong>Produkteigenschaften<\/strong>:<\/p>\n\n\n\n<p>Speisequark mager<\/p>\n\n\n\n<p>Trockenmasse: 18 %<\/p>\n\n\n\n<p>Eiwei\u00df: 12 %<\/p>\n\n\n\n<p>Gebinde: 5 Kg und 10 Kg<\/p>\n\n\n\n<p><strong>Der klassische Speisequark f\u00fcr Backbetriebe<\/strong><\/p>\n\n\n\n<figure class=\"wp-block-image size-large is-resized\"><img loading=\"lazy\" decoding=\"async\" width=\"1024\" height=\"768\" src=\"https:\/\/foodservice-company.de\/wp-content\/uploads\/2025\/06\/extra-trocken-10-kg-4-1024x768.png\" alt=\"\" class=\"wp-image-796\" style=\"width:475px;height:auto\" srcset=\"https:\/\/foodservice-company.de\/wp-content\/uploads\/2025\/06\/extra-trocken-10-kg-4-1024x768.png 1024w, https:\/\/foodservice-company.de\/wp-content\/uploads\/2025\/06\/extra-trocken-10-kg-4-300x225.png 300w, https:\/\/foodservice-company.de\/wp-content\/uploads\/2025\/06\/extra-trocken-10-kg-4-768x576.png 768w, https:\/\/foodservice-company.de\/wp-content\/uploads\/2025\/06\/extra-trocken-10-kg-4-1536x1152.png 1536w, https:\/\/foodservice-company.de\/wp-content\/uploads\/2025\/06\/extra-trocken-10-kg-4-2048x1536.png 2048w\" sizes=\"auto, (max-width: 1024px) 100vw, 1024px\" \/><\/figure>\n\n\n\n<p><strong>Produkteigenschaften<\/strong>:<\/p>\n\n\n\n<p>Speisequark mit erh\u00f6hter Trockenmasse<\/p>\n\n\n\n<p>Trockenmasse 19 %<\/p>\n\n\n\n<p>Eiwei\u00df 12 %<\/p>\n\n\n\n<p>Gebinde: 5 Kg und 10 Kg<\/p>\n\n\n\n<p>Der Mercedes unter den Quarks, hohe Festigkeit optimales Backverhalten<\/p>\n","protected":false},"excerpt":{"rendered":"<p>Produkteigenschaften: Speisequark mager Trockenmasse: 18 % Eiwei\u00df: 12 % Gebinde: 5 Kg und 10 Kg Der klassische Speisequark f\u00fcr Backbetriebe Produkteigenschaften: Speisequark mit erh\u00f6hter Trockenmasse Trockenmasse 19 % Eiwei\u00df 12 % Gebinde: 5 Kg und 10 Kg Der Mercedes unter den Quarks, hohe Festigkeit optimales Backverhalten<\/p>\n","protected":false},"author":3,"featured_media":0,"parent":0,"menu_order":0,"comment_status":"closed","ping_status":"closed","template":"","meta":{"footnotes":""},"class_list":["post-123","page","type-page","status-publish","hentry"],"_links":{"self":[{"href":"https:\/\/foodservice-company.de\/index.php?rest_route=\/wp\/v2\/pages\/123","targetHints":{"allow":["GET"]}}],"collection":[{"href":"https:\/\/foodservice-company.de\/index.php?rest_route=\/wp\/v2\/pages"}],"about":[{"href":"https:\/\/foodservice-company.de\/index.php?rest_route=\/wp\/v2\/types\/page"}],"author":[{"embeddable":true,"href":"https:\/\/foodservice-company.de\/index.php?rest_route=\/wp\/v2\/users\/3"}],"replies":[{"embeddable":true,"href":"https:\/\/foodservice-company.de\/index.php?rest_route=%2Fwp%2Fv2%2Fcomments&post=123"}],"version-history":[{"count":5,"href":"https:\/\/foodservice-company.de\/index.php?rest_route=\/wp\/v2\/pages\/123\/revisions"}],"predecessor-version":[{"id":797,"href":"https:\/\/foodservice-company.de\/index.php?rest_route=\/wp\/v2\/pages\/123\/revisions\/797"}],"wp:attachment":[{"href":"https:\/\/foodservice-company.de\/index.php?rest_route=%2Fwp%2Fv2%2Fmedia&parent=123"}],"curies":[{"name":"wp","href":"https:\/\/api.w.org\/{rel}","templated":true}]}}