{"id":139,"date":"2021-03-18T11:37:03","date_gmt":"2021-03-18T11:37:03","guid":{"rendered":"https:\/\/foodservice-company.de\/?page_id=139"},"modified":"2025-06-10T08:32:16","modified_gmt":"2025-06-10T08:32:16","slug":"wannanquark","status":"publish","type":"page","link":"https:\/\/foodservice-company.de\/?page_id=139","title":{"rendered":"Wannenquark"},"content":{"rendered":"\n<figure class=\"wp-block-image size-large is-resized\"><img loading=\"lazy\" decoding=\"async\" width=\"543\" height=\"544\" src=\"https:\/\/foodservice-company.de\/wp-content\/uploads\/2021\/05\/Wannenquark.png\" alt=\"\" class=\"wp-image-354\" style=\"width:420px;height:auto\" srcset=\"https:\/\/foodservice-company.de\/wp-content\/uploads\/2021\/05\/Wannenquark.png 543w, https:\/\/foodservice-company.de\/wp-content\/uploads\/2021\/05\/Wannenquark-300x300.png 300w, https:\/\/foodservice-company.de\/wp-content\/uploads\/2021\/05\/Wannenquark-150x150.png 150w\" sizes=\"auto, (max-width: 543px) 100vw, 543px\" \/><\/figure>\n\n\n\n<p>Aus der Schulenburg Wanne<\/p>\n\n\n\n<p>Nat\u00fcrliches, schonendes und traditionelles Herstellungsverfahren<\/p>\n\n\n\n<p>Intakte Eiwei\u00dfstrukturen (natives Eiwei\u00df)<\/p>\n\n\n\n<p>Backstabil<\/p>\n\n\n\n<p>TK F\u00e4hig (ohne Zutaten)<\/p>\n\n\n\n<p>Frischk\u00e4se 17,5 % Trockenmasse<\/p>\n\n\n\n<p>11,0 % Eiwei\u00df<\/p>\n\n\n\n<p>Besonders gut geeignet f\u00fcr K\u00e4sekuchen, Quarktaschen und \u00c4hnliches<\/p>\n\n\n\n<p>Lebende Milchs\u00e4urekulturen<\/p>\n\n\n\n<p>Aromatisch im Geschmack<\/p>\n\n\n\n<p><a href=\"https:\/\/foodservice-company.de\/?p=99\" data-type=\"URL\" data-id=\"https:\/\/foodservice-company.de\/?p=99\">klicken Sie hier um einen Einblick in unsere Wannenquarkproduktion zu erhalten.<\/a><\/p>\n","protected":false},"excerpt":{"rendered":"<p>Aus der Schulenburg Wanne Nat\u00fcrliches, schonendes und traditionelles Herstellungsverfahren Intakte Eiwei\u00dfstrukturen (natives Eiwei\u00df) Backstabil TK F\u00e4hig (ohne Zutaten) Frischk\u00e4se 17,5 % Trockenmasse 11,0 % Eiwei\u00df Besonders gut geeignet f\u00fcr K\u00e4sekuchen, Quarktaschen und \u00c4hnliches Lebende Milchs\u00e4urekulturen Aromatisch im Geschmack klicken Sie hier um einen Einblick in unsere Wannenquarkproduktion zu erhalten.<\/p>\n","protected":false},"author":3,"featured_media":0,"parent":0,"menu_order":0,"comment_status":"closed","ping_status":"closed","template":"","meta":{"footnotes":""},"class_list":["post-139","page","type-page","status-publish","hentry"],"_links":{"self":[{"href":"https:\/\/foodservice-company.de\/index.php?rest_route=\/wp\/v2\/pages\/139","targetHints":{"allow":["GET"]}}],"collection":[{"href":"https:\/\/foodservice-company.de\/index.php?rest_route=\/wp\/v2\/pages"}],"about":[{"href":"https:\/\/foodservice-company.de\/index.php?rest_route=\/wp\/v2\/types\/page"}],"author":[{"embeddable":true,"href":"https:\/\/foodservice-company.de\/index.php?rest_route=\/wp\/v2\/users\/3"}],"replies":[{"embeddable":true,"href":"https:\/\/foodservice-company.de\/index.php?rest_route=%2Fwp%2Fv2%2Fcomments&post=139"}],"version-history":[{"count":6,"href":"https:\/\/foodservice-company.de\/index.php?rest_route=\/wp\/v2\/pages\/139\/revisions"}],"predecessor-version":[{"id":800,"href":"https:\/\/foodservice-company.de\/index.php?rest_route=\/wp\/v2\/pages\/139\/revisions\/800"}],"wp:attachment":[{"href":"https:\/\/foodservice-company.de\/index.php?rest_route=%2Fwp%2Fv2%2Fmedia&parent=139"}],"curies":[{"name":"wp","href":"https:\/\/api.w.org\/{rel}","templated":true}]}}