{"id":147,"date":"2021-03-18T11:38:49","date_gmt":"2021-03-18T11:38:49","guid":{"rendered":"https:\/\/foodservice-company.de\/?page_id=147"},"modified":"2025-08-27T12:16:24","modified_gmt":"2025-08-27T12:16:24","slug":"saure-sahne","status":"publish","type":"page","link":"https:\/\/foodservice-company.de\/?page_id=147","title":{"rendered":"Saure Sahne"},"content":{"rendered":"<div class=\"wp-block-image\">\n<figure class=\"aligncenter size-full\"><img loading=\"lazy\" decoding=\"async\" width=\"566\" height=\"566\" src=\"https:\/\/foodservice-company.de\/wp-content\/uploads\/2025\/06\/Saure-Sahne-10kg-1.png\" alt=\"\" class=\"wp-image-818\" srcset=\"https:\/\/foodservice-company.de\/wp-content\/uploads\/2025\/06\/Saure-Sahne-10kg-1.png 566w, https:\/\/foodservice-company.de\/wp-content\/uploads\/2025\/06\/Saure-Sahne-10kg-1-300x300.png 300w, https:\/\/foodservice-company.de\/wp-content\/uploads\/2025\/06\/Saure-Sahne-10kg-1-150x150.png 150w\" sizes=\"auto, (max-width: 566px) 100vw, 566px\" \/><\/figure>\n<\/div>\n\n\n<p><strong>Produkteigenschaften<\/strong>:<\/p>\n\n\n\n<p>Stichfestes Sauermilcherzeugnis mit 10 % Fettgehalt<\/p>\n\n\n\n<p>Gebinde: 5 kg und 10 kg<\/p>\n\n\n\n<p>Optimal f\u00fcr die Herstellung von Salatdressings, So\u00dfen und f\u00fcr die allgemeine K\u00fcche<\/p>\n","protected":false},"excerpt":{"rendered":"<p>Produkteigenschaften: Stichfestes Sauermilcherzeugnis mit 10 % Fettgehalt Gebinde: 5 kg und 10 kg Optimal f\u00fcr die Herstellung von Salatdressings, So\u00dfen und f\u00fcr die allgemeine K\u00fcche<\/p>\n","protected":false},"author":3,"featured_media":0,"parent":0,"menu_order":0,"comment_status":"closed","ping_status":"closed","template":"","meta":{"footnotes":""},"class_list":["post-147","page","type-page","status-publish","hentry"],"_links":{"self":[{"href":"https:\/\/foodservice-company.de\/index.php?rest_route=\/wp\/v2\/pages\/147","targetHints":{"allow":["GET"]}}],"collection":[{"href":"https:\/\/foodservice-company.de\/index.php?rest_route=\/wp\/v2\/pages"}],"about":[{"href":"https:\/\/foodservice-company.de\/index.php?rest_route=\/wp\/v2\/types\/page"}],"author":[{"embeddable":true,"href":"https:\/\/foodservice-company.de\/index.php?rest_route=\/wp\/v2\/users\/3"}],"replies":[{"embeddable":true,"href":"https:\/\/foodservice-company.de\/index.php?rest_route=%2Fwp%2Fv2%2Fcomments&post=147"}],"version-history":[{"count":5,"href":"https:\/\/foodservice-company.de\/index.php?rest_route=\/wp\/v2\/pages\/147\/revisions"}],"predecessor-version":[{"id":1153,"href":"https:\/\/foodservice-company.de\/index.php?rest_route=\/wp\/v2\/pages\/147\/revisions\/1153"}],"wp:attachment":[{"href":"https:\/\/foodservice-company.de\/index.php?rest_route=%2Fwp%2Fv2%2Fmedia&parent=147"}],"curies":[{"name":"wp","href":"https:\/\/api.w.org\/{rel}","templated":true}]}}