{"id":162,"date":"2021-03-18T11:40:28","date_gmt":"2021-03-18T11:40:28","guid":{"rendered":"https:\/\/foodservice-company.de\/?page_id=162"},"modified":"2025-08-27T12:07:30","modified_gmt":"2025-08-27T12:07:30","slug":"griechischer-joghurt","status":"publish","type":"page","link":"https:\/\/foodservice-company.de\/?page_id=162","title":{"rendered":"Griechischer Joghurt"},"content":{"rendered":"<div class=\"wp-block-image\">\n<figure class=\"aligncenter size-full is-resized\"><img loading=\"lazy\" decoding=\"async\" width=\"566\" height=\"566\" src=\"https:\/\/foodservice-company.de\/wp-content\/uploads\/2025\/06\/Agno-10kg.png\" alt=\"\" class=\"wp-image-831\" style=\"width:568px;height:auto\" srcset=\"https:\/\/foodservice-company.de\/wp-content\/uploads\/2025\/06\/Agno-10kg.png 566w, https:\/\/foodservice-company.de\/wp-content\/uploads\/2025\/06\/Agno-10kg-300x300.png 300w, https:\/\/foodservice-company.de\/wp-content\/uploads\/2025\/06\/Agno-10kg-150x150.png 150w\" sizes=\"auto, (max-width: 566px) 100vw, 566px\" \/><\/figure>\n<\/div>\n\n\n<p><strong>Produkteigenschaften<\/strong>:<\/p>\n\n\n\n<p><strong>griechischer Joghurt verfeinert mit Kokos\u00f6l<\/strong><\/p>\n\n\n\n<p>Konsistenz: cremig fest<\/p>\n\n\n\n<p>Gebinde: 5 kg und 10 kg<\/p>\n\n\n\n<p>Durch seine hohe Festigkeit optimal f\u00fcr die mediterrane K\u00fcche<\/p>\n\n\n\n<p>Flutscht in einem Ruck aus dem Eimer.<\/p>\n\n\n\n<p><strong>Sahnejoghurt nach griechischer Art <\/strong><\/p>\n\n\n\n<p>Gebinde: 10 kg<\/p>\n\n\n\n<p> Konsistenz: Stichfest <\/p>\n\n\n\n<p>Unser stichfester Sahnejoghurt nach griechischer Art ist vielseitig einsetzbar; als Grundlage f\u00fcr Desserts, Dips und Antipasti-Cremes.<\/p>\n\n\n\n<p>VORTEIL: Der Joghurt f\u00e4llt r\u00fcckstandslos aus dem Eimer und ist somit optimal f\u00fcr den Einsatz bei der Herstellung von gro\u00dfen Mengen, z.B. in der verarbeitenden Lebensmittelindustrie.<\/p>\n","protected":false},"excerpt":{"rendered":"<p>Produkteigenschaften: griechischer Joghurt verfeinert mit Kokos\u00f6l Konsistenz: cremig fest Gebinde: 5 kg und 10 kg Durch seine hohe Festigkeit optimal f\u00fcr die mediterrane K\u00fcche Flutscht in einem Ruck aus dem Eimer. Sahnejoghurt nach griechischer Art Gebinde: 10 kg Konsistenz: Stichfest Unser stichfester Sahnejoghurt nach griechischer Art ist vielseitig einsetzbar; als Grundlage f\u00fcr Desserts, Dips und<\/p><\/div>\n<div class=\"blog-btn\"><a href=\"https:\/\/foodservice-company.de\/?page_id=162\" class=\"home-blog-btn\">Weiterlesen<\/a><\/p>\n","protected":false},"author":3,"featured_media":0,"parent":0,"menu_order":0,"comment_status":"closed","ping_status":"closed","template":"","meta":{"footnotes":""},"class_list":["post-162","page","type-page","status-publish","hentry"],"_links":{"self":[{"href":"https:\/\/foodservice-company.de\/index.php?rest_route=\/wp\/v2\/pages\/162","targetHints":{"allow":["GET"]}}],"collection":[{"href":"https:\/\/foodservice-company.de\/index.php?rest_route=\/wp\/v2\/pages"}],"about":[{"href":"https:\/\/foodservice-company.de\/index.php?rest_route=\/wp\/v2\/types\/page"}],"author":[{"embeddable":true,"href":"https:\/\/foodservice-company.de\/index.php?rest_route=\/wp\/v2\/users\/3"}],"replies":[{"embeddable":true,"href":"https:\/\/foodservice-company.de\/index.php?rest_route=%2Fwp%2Fv2%2Fcomments&post=162"}],"version-history":[{"count":16,"href":"https:\/\/foodservice-company.de\/index.php?rest_route=\/wp\/v2\/pages\/162\/revisions"}],"predecessor-version":[{"id":1148,"href":"https:\/\/foodservice-company.de\/index.php?rest_route=\/wp\/v2\/pages\/162\/revisions\/1148"}],"wp:attachment":[{"href":"https:\/\/foodservice-company.de\/index.php?rest_route=%2Fwp%2Fv2%2Fmedia&parent=162"}],"curies":[{"name":"wp","href":"https:\/\/api.w.org\/{rel}","templated":true}]}}