{"id":174,"date":"2021-03-18T11:41:59","date_gmt":"2021-03-18T11:41:59","guid":{"rendered":"https:\/\/foodservice-company.de\/?page_id=174"},"modified":"2025-06-10T08:45:00","modified_gmt":"2025-06-10T08:45:00","slug":"skyr","status":"publish","type":"page","link":"https:\/\/foodservice-company.de\/?page_id=174","title":{"rendered":"Skyr"},"content":{"rendered":"<div class=\"wp-block-image\">\n<figure class=\"aligncenter size-large is-resized\"><img loading=\"lazy\" decoding=\"async\" width=\"1024\" height=\"1024\" src=\"https:\/\/foodservice-company.de\/wp-content\/uploads\/2025\/06\/Skyr-10kg.pngOH_-1024x1024.png\" alt=\"\" class=\"wp-image-802\" style=\"width:567px;height:auto\" srcset=\"https:\/\/foodservice-company.de\/wp-content\/uploads\/2025\/06\/Skyr-10kg.pngOH_-1024x1024.png 1024w, https:\/\/foodservice-company.de\/wp-content\/uploads\/2025\/06\/Skyr-10kg.pngOH_-300x300.png 300w, https:\/\/foodservice-company.de\/wp-content\/uploads\/2025\/06\/Skyr-10kg.pngOH_-150x150.png 150w, https:\/\/foodservice-company.de\/wp-content\/uploads\/2025\/06\/Skyr-10kg.pngOH_-768x768.png 768w, https:\/\/foodservice-company.de\/wp-content\/uploads\/2025\/06\/Skyr-10kg.pngOH_-1536x1536.png 1536w, https:\/\/foodservice-company.de\/wp-content\/uploads\/2025\/06\/Skyr-10kg.pngOH_-2048x2048.png 2048w\" sizes=\"auto, (max-width: 1024px) 100vw, 1024px\" \/><\/figure>\n<\/div>\n\n\n<p>High Protein low fat,  die isl\u00e4ndische Spezialit\u00e4t.&nbsp;<\/p>\n\n\n\n<p>Vielseitig einsetzbar in Backwaren, Feinkostcremes und -f\u00fcllungen, aber auch im M\u00fcsli oder pur zum Dessert.<\/p>\n\n\n\n<h3 class=\"wp-block-heading\">Produkteigenschaften:<\/h3>\n\n\n\n<p>Trockenmasse: 14,5 %<\/p>\n\n\n\n<p>Eiwei\u00df: 9 %<\/p>\n","protected":false},"excerpt":{"rendered":"<p>High Protein low fat, die isl\u00e4ndische Spezialit\u00e4t.&nbsp; Vielseitig einsetzbar in Backwaren, Feinkostcremes und -f\u00fcllungen, aber auch im M\u00fcsli oder pur zum Dessert. Produkteigenschaften: Trockenmasse: 14,5 % Eiwei\u00df: 9 %<\/p>\n","protected":false},"author":3,"featured_media":0,"parent":0,"menu_order":0,"comment_status":"closed","ping_status":"closed","template":"","meta":{"footnotes":""},"class_list":["post-174","page","type-page","status-publish","hentry"],"_links":{"self":[{"href":"https:\/\/foodservice-company.de\/index.php?rest_route=\/wp\/v2\/pages\/174","targetHints":{"allow":["GET"]}}],"collection":[{"href":"https:\/\/foodservice-company.de\/index.php?rest_route=\/wp\/v2\/pages"}],"about":[{"href":"https:\/\/foodservice-company.de\/index.php?rest_route=\/wp\/v2\/types\/page"}],"author":[{"embeddable":true,"href":"https:\/\/foodservice-company.de\/index.php?rest_route=\/wp\/v2\/users\/3"}],"replies":[{"embeddable":true,"href":"https:\/\/foodservice-company.de\/index.php?rest_route=%2Fwp%2Fv2%2Fcomments&post=174"}],"version-history":[{"count":8,"href":"https:\/\/foodservice-company.de\/index.php?rest_route=\/wp\/v2\/pages\/174\/revisions"}],"predecessor-version":[{"id":805,"href":"https:\/\/foodservice-company.de\/index.php?rest_route=\/wp\/v2\/pages\/174\/revisions\/805"}],"wp:attachment":[{"href":"https:\/\/foodservice-company.de\/index.php?rest_route=%2Fwp%2Fv2%2Fmedia&parent=174"}],"curies":[{"name":"wp","href":"https:\/\/api.w.org\/{rel}","templated":true}]}}